{"id":30,"date":"2024-08-02T17:08:40","date_gmt":"2024-08-02T17:08:40","guid":{"rendered":"https:\/\/zyprian-schornsteinfeger.de\/?page_id=30"},"modified":"2024-08-02T17:09:35","modified_gmt":"2024-08-02T17:09:35","slug":"brandschutz","status":"publish","type":"page","link":"https:\/\/zyprian-schornsteinfeger.de\/?page_id=30","title":{"rendered":"Brandschutz"},"content":{"rendered":"\n<p><strong>Rauchwarnmelder:<\/strong><br>Beratung, Verkauf und Installation von Rauchwarnmeldern als&nbsp;<a href=\"https:\/\/web.archive.org\/web\/20210414100258\/http:\/\/zyprian-schornsteinfeger.de\/wp-content\/uploads\/2020\/12\/Fachkraft-scaled.jpg\" target=\"_blank\" rel=\"noreferrer noopener\">Fachkraft nach DIN 14676<\/a>.<\/p>\n\n\n\n<p><em>Eigent\u00fcmerinnen und Eigent\u00fcmer bereits bestehender Geb\u00e4ude sind verpflichtet, diese bis zum 31. Dezember 2014 entsprechend auszustatten. (\u00a7 15 Absatz 7, LBO, Baden-W\u00fcrttemberg)<\/em><\/p>\n\n\n\n<p><strong>Was muss ein Rauchwarnmelder k\u00f6nnen?<\/strong><br>Minimale Funktionen:<\/p>\n\n\n\n<ul class=\"wp-block-list\">\n<li>Rauchdetektion<\/li>\n\n\n\n<li>Akustische Alarmierung<\/li>\n\n\n\n<li>Funktionspr\u00fcfung (Testalarm-Knopf)<\/li>\n\n\n\n<li>10-Jahres-Lithiumbatterie<\/li>\n\n\n\n<li>Zertifizierung: VdS nach DIN EN 14604<\/li>\n<\/ul>\n\n\n\n<hr class=\"wp-block-separator has-alpha-channel-opacity\"\/>\n\n\n\n<p><strong>Kohlenmonoxidwarnmelder:<\/strong><br>Beratung, Verkauf und Installation von Kohlenmonoxidwarnmelder als&nbsp;<a href=\"https:\/\/web.archive.org\/web\/20210414100258\/http:\/\/zyprian-schornsteinfeger.de\/wp-content\/uploads\/2020\/12\/Fachkraft-fur-Kohlenmonoxid-pdf.jpg\" target=\"_blank\" rel=\"noreferrer noopener\">Fachkraft nach DIN 50292 und EN 50291<\/a>.<\/p>\n\n\n\n<p><strong>Was muss ein Kohlenmonoxidwarnmelder k\u00f6nnen?<\/strong><br>Minimale Funktionen:<\/p>\n\n\n\n<ul class=\"wp-block-list\">\n<li>Elektrochemischer Sensor<\/li>\n\n\n\n<li>Akustische und optische Alarmierung<\/li>\n\n\n\n<li>LCD-Display<\/li>\n\n\n\n<li>10-Jahres-Lithiumbatterie<\/li>\n\n\n\n<li>Zertifizierung: VdS nach DIN EN 50291<\/li>\n<\/ul>\n\n\n\n<hr class=\"wp-block-separator has-alpha-channel-opacity\"\/>\n\n\n\n<p>Wenn Sie weitere Fragen zu Rauchwarnmeldern oder Kohlenmonoxidwarnmelder haben, erreichen sie uns telefonisch (0621 473376) oder per Mail (schornsteinfeger@tzyprian.de).<\/p>\n","protected":false},"excerpt":{"rendered":"<p>Rauchwarnmelder:Beratung, Verkauf und Installation von Rauchwarnmeldern als&nbsp;Fachkraft nach DIN 14676. Eigent\u00fcmerinnen und Eigent\u00fcmer bereits bestehender Geb\u00e4ude sind verpflichtet, diese bis zum 31. Dezember 2014 entsprechend auszustatten. (\u00a7 15 Absatz 7, LBO, Baden-W\u00fcrttemberg) Was muss ein Rauchwarnmelder k\u00f6nnen?Minimale Funktionen: Kohlenmonoxidwarnmelder:Beratung, Verkauf und Installation von Kohlenmonoxidwarnmelder als&nbsp;Fachkraft nach DIN 50292 und EN 50291. Was muss ein Kohlenmonoxidwarnmelder [&hellip;]<\/p>\n","protected":false},"author":1,"featured_media":33,"parent":0,"menu_order":0,"comment_status":"closed","ping_status":"closed","template":"","meta":{"footnotes":""},"class_list":["post-30","page","type-page","status-publish","has-post-thumbnail","hentry"],"_links":{"self":[{"href":"https:\/\/zyprian-schornsteinfeger.de\/index.php?rest_route=\/wp\/v2\/pages\/30","targetHints":{"allow":["GET"]}}],"collection":[{"href":"https:\/\/zyprian-schornsteinfeger.de\/index.php?rest_route=\/wp\/v2\/pages"}],"about":[{"href":"https:\/\/zyprian-schornsteinfeger.de\/index.php?rest_route=\/wp\/v2\/types\/page"}],"author":[{"embeddable":true,"href":"https:\/\/zyprian-schornsteinfeger.de\/index.php?rest_route=\/wp\/v2\/users\/1"}],"replies":[{"embeddable":true,"href":"https:\/\/zyprian-schornsteinfeger.de\/index.php?rest_route=%2Fwp%2Fv2%2Fcomments&post=30"}],"version-history":[{"count":1,"href":"https:\/\/zyprian-schornsteinfeger.de\/index.php?rest_route=\/wp\/v2\/pages\/30\/revisions"}],"predecessor-version":[{"id":31,"href":"https:\/\/zyprian-schornsteinfeger.de\/index.php?rest_route=\/wp\/v2\/pages\/30\/revisions\/31"}],"wp:featuredmedia":[{"embeddable":true,"href":"https:\/\/zyprian-schornsteinfeger.de\/index.php?rest_route=\/wp\/v2\/media\/33"}],"wp:attachment":[{"href":"https:\/\/zyprian-schornsteinfeger.de\/index.php?rest_route=%2Fwp%2Fv2%2Fmedia&parent=30"}],"curies":[{"name":"wp","href":"https:\/\/api.w.org\/{rel}","templated":true}]}}