{"id":6,"date":"2024-08-02T15:59:59","date_gmt":"2024-08-02T15:59:59","guid":{"rendered":"https:\/\/zyprian-schornsteinfeger.de\/?page_id=6"},"modified":"2024-08-02T17:09:49","modified_gmt":"2024-08-02T17:09:49","slug":"energieberatung","status":"publish","type":"page","link":"https:\/\/zyprian-schornsteinfeger.de\/?page_id=6","title":{"rendered":"Energieberatung"},"content":{"rendered":"\n<p>Gerne erstellen wir ihnen folgende Energiep\u00e4sse:<\/p>\n\n\n\n<ul class=\"wp-block-list\">\n<li>bedarfsorientierter Energiepass<\/li>\n\n\n\n<li>verbrauchsorientierter Energiepass<\/li>\n<\/ul>\n\n\n\n<p>Nicht f\u00fcr alle Bestandsbauten ist zwingend der bedarfsorientierte Energiepass (Bedarfspass) erforderlich. Je nach Gr\u00f6\u00dfe und Alter der Immobilie ist in bestimmten F\u00e4llen auch der einfache, verbrauchsorientierte Energiepass (Verbrauchspass) ausreichend.<br>Nur der bedarfsorientierte Energiepass wird dem Anspruch nach Transparenz, Vergleichbarkeit und Objektivit\u00e4t gerecht.<\/p>\n\n\n\n<p>Wenn Sie weitere Fragen haben oder einen Energiepass von uns erstellen lassen m\u00f6chten, erreichen sie uns telefonisch (0621 473376) oder per Mail (schornsteinfeger@tzyprian.de) .<\/p>\n\n\n\n<p><\/p>\n","protected":false},"excerpt":{"rendered":"<p>Gerne erstellen wir ihnen folgende Energiep\u00e4sse: Nicht f\u00fcr alle Bestandsbauten ist zwingend der bedarfsorientierte Energiepass (Bedarfspass) erforderlich. Je nach Gr\u00f6\u00dfe und Alter der Immobilie ist in bestimmten F\u00e4llen auch der einfache, verbrauchsorientierte Energiepass (Verbrauchspass) ausreichend.Nur der bedarfsorientierte Energiepass wird dem Anspruch nach Transparenz, Vergleichbarkeit und Objektivit\u00e4t gerecht. Wenn Sie weitere Fragen haben oder einen Energiepass [&hellip;]<\/p>\n","protected":false},"author":1,"featured_media":34,"parent":0,"menu_order":0,"comment_status":"closed","ping_status":"closed","template":"","meta":{"footnotes":""},"class_list":["post-6","page","type-page","status-publish","has-post-thumbnail","hentry"],"_links":{"self":[{"href":"https:\/\/zyprian-schornsteinfeger.de\/index.php?rest_route=\/wp\/v2\/pages\/6","targetHints":{"allow":["GET"]}}],"collection":[{"href":"https:\/\/zyprian-schornsteinfeger.de\/index.php?rest_route=\/wp\/v2\/pages"}],"about":[{"href":"https:\/\/zyprian-schornsteinfeger.de\/index.php?rest_route=\/wp\/v2\/types\/page"}],"author":[{"embeddable":true,"href":"https:\/\/zyprian-schornsteinfeger.de\/index.php?rest_route=\/wp\/v2\/users\/1"}],"replies":[{"embeddable":true,"href":"https:\/\/zyprian-schornsteinfeger.de\/index.php?rest_route=%2Fwp%2Fv2%2Fcomments&post=6"}],"version-history":[{"count":1,"href":"https:\/\/zyprian-schornsteinfeger.de\/index.php?rest_route=\/wp\/v2\/pages\/6\/revisions"}],"predecessor-version":[{"id":8,"href":"https:\/\/zyprian-schornsteinfeger.de\/index.php?rest_route=\/wp\/v2\/pages\/6\/revisions\/8"}],"wp:featuredmedia":[{"embeddable":true,"href":"https:\/\/zyprian-schornsteinfeger.de\/index.php?rest_route=\/wp\/v2\/media\/34"}],"wp:attachment":[{"href":"https:\/\/zyprian-schornsteinfeger.de\/index.php?rest_route=%2Fwp%2Fv2%2Fmedia&parent=6"}],"curies":[{"name":"wp","href":"https:\/\/api.w.org\/{rel}","templated":true}]}}